{"id":73,"date":"2016-06-14T06:15:58","date_gmt":"2016-06-14T06:15:58","guid":{"rendered":"http:\/\/sw-themes.com\/porto_dummy\/?page_id=73"},"modified":"2025-01-02T20:38:45","modified_gmt":"2025-01-02T17:38:45","slug":"contact-us","status":"publish","type":"page","link":"https:\/\/www.ekchomestay.com\/tr\/contact-us\/","title":{"rendered":"\u0130leti\u015fim"},"content":{"rendered":"<div data-vc-full-width=\"true\" data-vc-full-width-init=\"false\" data-vc-stretch-content=\"true\" class=\"vc_row wpb_row row vc_row-no-padding\"><div class=\"vc_column_container col-md-12\"><div class=\"wpb_wrapper vc_column-inner\">\n\t<div class=\"wpb_raw_code wpb_content_element wpb_raw_html\" >\n\t\t<div class=\"wpb_wrapper\">\n\t\t\t<iframe src=\"https:\/\/www.google.com\/maps\/embed?pb=!1m14!1m8!1m3!1d11524.995771728583!2d-79.4741832!3d43.767691!3m2!1i1024!2i768!4f13.1!3m3!1m2!1s0x0%3A0xbba9acbed07d91dd!2sEKC%20Homestay%20Corporation!5e0!3m2!1str!2str!4v1642348754139!5m2!1str!2str\" width=\"100%\" height=\"400\" style=\"border:0;\" allowfullscreen=\"\" loading=\"lazy\"><\/iframe>\n\t\t<\/div>\n\t<\/div>\n<\/div><\/div><\/div><div class=\"vc_row-full-width vc_clearfix\"><\/div><div class=\"vc_row wpb_row m-b-xl porto-inner-container\"><div class=\"porto-wrap-container container\"><div class=\"row\"><div class=\"vc_column_container col-md-6\"><div class=\"wpb_wrapper vc_column-inner\"><div class=\"wpforms-container wpforms-container-full wpforms-render-modern\" id=\"wpforms-1929\"><form id=\"wpforms-form-1929\" class=\"wpforms-validate wpforms-form\" data-formid=\"1929\" method=\"post\" enctype=\"multipart\/form-data\" action=\"\/tr\/wp-json\/wp\/v2\/pages\/73\" data-token=\"edb4175907a25e084f860da6bad72654\" data-trp-original-action=\"\/tr\/wp-json\/wp\/v2\/pages\/73\"><noscript class=\"wpforms-error-noscript\">Bu formu bitirebilmek i\u00e7in taray\u0131c\u0131n\u0131zda JavaScript&#039;i etkinle\u015ftirin.<\/noscript><div class=\"wpforms-hidden\" id=\"wpforms-error-noscript\">Bu formu bitirebilmek i\u00e7in taray\u0131c\u0131n\u0131zda JavaScript&#039;i etkinle\u015ftirin.<\/div><div class=\"wpforms-field-container\"><div id=\"wpforms-1929-field_1-container\" class=\"wpforms-field wpforms-field-text\" data-field-id=\"1\"><label class=\"wpforms-field-label\" for=\"wpforms-1929-field_1\">Ad\u0131n\u0131z ve Soyad\u0131n\u0131z <span class=\"wpforms-required-label\" aria-hidden=\"true\">*<\/span><\/label><input type=\"text\" id=\"wpforms-1929-field_1\" class=\"wpforms-field-large wpforms-field-required\" name=\"wpforms[fields][1]\" aria-errormessage=\"wpforms-1929-field_1-error\" required><\/div><div id=\"wpforms-1929-field_2-container\" class=\"wpforms-field wpforms-field-email\" data-field-id=\"2\"><label class=\"wpforms-field-label\" for=\"wpforms-1929-field_2\">E-Posta <span class=\"wpforms-required-label\" aria-hidden=\"true\">*<\/span><\/label><input type=\"email\" id=\"wpforms-1929-field_2\" class=\"wpforms-field-large wpforms-field-required\" name=\"wpforms[fields][2]\" spellcheck=\"false\" aria-errormessage=\"wpforms-1929-field_2-error\" required><\/div><div id=\"wpforms-1929-field_3-container\" class=\"wpforms-field wpforms-field-text\" data-field-id=\"3\"><label class=\"wpforms-field-label\" for=\"wpforms-1929-field_3\">Konu<\/label><input type=\"text\" id=\"wpforms-1929-field_3\" class=\"wpforms-field-large\" name=\"wpforms[fields][3]\" aria-errormessage=\"wpforms-1929-field_3-error\" ><\/div><div id=\"wpforms-1929-field_4-container\" class=\"wpforms-field wpforms-field-textarea\" data-field-id=\"4\"><label class=\"wpforms-field-label\" for=\"wpforms-1929-field_4\">Mesaj\u0131n\u0131z<\/label><textarea id=\"wpforms-1929-field_4\" class=\"wpforms-field-medium\" name=\"wpforms[fields][4]\" aria-errormessage=\"wpforms-1929-field_4-error\" ><\/textarea><\/div><\/div><!-- .wpforms-field-container --><div class=\"wpforms-submit-container\" ><input type=\"hidden\" name=\"wpforms[id]\" value=\"1929\"><input type=\"hidden\" name=\"wpforms[author]\" value=\"1\"><button type=\"submit\" name=\"wpforms[submit]\" id=\"wpforms-submit-1929\" class=\"wpforms-submit\" data-alt-text=\"Sending...\" data-submit-text=\"Submit\" aria-live=\"assertive\" value=\"wpforms-submit\">G\u00f6nder<\/button><\/div><input type=\"hidden\" name=\"trp-form-language\" value=\"tr\"\/><\/form><\/div>  <!-- .wpforms-container --><\/div><\/div><div class=\"vc_column_container col-md-6\"><div class=\"wpb_wrapper vc_column-inner\"><h4  class=\"vc_custom_heading m-t align-left heading-primary translation-block\">\u0130leti\u015fime ge\u00e7in<\/h4>\n\t<div class=\"wpb_text_column wpb_content_element\" >\n\t\t<div class=\"wpb_wrapper\">\n\t\t\t<div class=\"wpb_text_column wpb_content_element\">\n<div class=\"wpb_wrapper\">\n<p>EKC Homestay Corporation'a ho\u015f geldiniz. A\u015fa\u011f\u0131daki ileti\u015fim ara\u00e7lar\u0131n\u0131 kullanarak firmam\u0131za ula\u015fabilirsiniz. Alternatif olarak istek, g\u00f6r\u00fc\u015f ve \u00f6nerileriniz i\u00e7in yandaki ileti\u015fim formunu doldurarak bize h\u0131zl\u0131 bir mesaj g\u00f6nderebilirsiniz.<\/p>\n<\/div>\n<\/div>\n\n\t\t<\/div>\n\t<\/div>\n<div class=\"porto-separator\"><hr class=\"separator-line  align_center\"><\/div><h4  class=\"vc_custom_heading align-left heading-primary translation-block\">Ofisimiz<\/h4><div class=\"porto-sicon-box style_1 default-icon\"><div class=\"porto-sicon-default\"><div id=\"porto-icon-172435901569ed18f2c8380\" class=\"porto-just-icon-wrapper\" style=\"text-align:center;\"><div class=\"porto-icon circle\" style=\"color:#ffffff;background:#dd3333;font-size:14px;display:inline-block;\"><i class=\"fas fa-map-marker-alt\"><\/i><\/div><\/div><\/div><div class=\"porto-sicon-header\" ><h3 class=\"porto-sicon-title\" style=\"font-size:14px;color:#777777;\"><strong>Adres:<\/strong> 150 Consumers Rd North York ON M2J 1P9 Unit: #107 Canada<\/h3><\/div> <!-- header --><\/div><!-- porto-sicon-box --><div class=\"porto-sicon-box style_1 default-icon\"><div class=\"porto-sicon-default\"><div id=\"porto-icon-175998352969ed18f2c866a\" class=\"porto-just-icon-wrapper\" style=\"text-align:center;\"><div class=\"porto-icon circle\" style=\"color:#ffffff;background:#dd3333;font-size:14px;display:inline-block;\"><i class=\"fas fa-phone\"><\/i><\/div><\/div><\/div><div class=\"porto-sicon-header\" ><h3 class=\"porto-sicon-title\" style=\"font-size:14px;color:#777777;\"><strong>Toronto Direct:<\/strong> +1 (647) 657-4981<\/h3><\/div> <!-- header --><\/div><!-- porto-sicon-box --><div class=\"porto-sicon-box style_1 default-icon\"><div class=\"porto-sicon-default\"><div id=\"porto-icon-197611802169ed18f2c88e2\" class=\"porto-just-icon-wrapper\" style=\"text-align:center;\"><div class=\"porto-icon circle\" style=\"color:#ffffff;background:#dd3333;font-size:14px;display:inline-block;\"><i class=\"fas fa-phone\"><\/i><\/div><\/div><\/div><div class=\"porto-sicon-header\" ><h3 class=\"porto-sicon-title\" style=\"font-size:14px;color:#777777;\"><strong>Vancouver Direct:<\/strong> +1 (236) 833-6143<\/h3><\/div> <!-- header --><\/div><!-- porto-sicon-box --><div class=\"porto-sicon-box style_1 default-icon\"><div class=\"porto-sicon-default\"><div id=\"porto-icon-113838256069ed18f2c8b52\" class=\"porto-just-icon-wrapper\" style=\"text-align:center;\"><div class=\"porto-icon circle\" style=\"color:#ffffff;background:#dd3333;font-size:14px;display:inline-block;\"><i class=\"fas fa-hand-holding-heart\"><\/i><\/div><\/div><\/div><div class=\"porto-sicon-header\" ><h3 class=\"porto-sicon-title\" style=\"font-size:14px;color:#777777;\"><strong>Customer Services:<\/strong> +1 (647) 569-1333<\/h3><\/div> <!-- header --><\/div><!-- porto-sicon-box --><div class=\"porto-sicon-box style_1 default-icon\"><div class=\"porto-sicon-default\"><div id=\"porto-icon-212367762969ed18f2c8dfd\" class=\"porto-just-icon-wrapper\" style=\"text-align:center;\"><div class=\"porto-icon circle\" style=\"color:#ffffff;background:#dd3333;font-size:14px;display:inline-block;\"><i class=\"fas fa-building\"><\/i><\/div><\/div><\/div><div class=\"porto-sicon-header\" ><h3 class=\"porto-sicon-title\" style=\"font-size:14px;color:#777777;\"><strong>Consultant:<\/strong> +1 (437) 254-1333<\/h3><\/div> <!-- header --><\/div><!-- porto-sicon-box --><div class=\"porto-sicon-box style_1 default-icon\"><div class=\"porto-sicon-default\"><div id=\"porto-icon-212519266069ed18f2c90a4\" class=\"porto-just-icon-wrapper\" style=\"text-align:center;\"><div class=\"porto-icon circle\" style=\"color:#ffffff;background:#dd3333;font-size:14px;display:inline-block;\"><i class=\"fas fa-envelope\"><\/i><\/div><\/div><\/div><div class=\"porto-sicon-header\" ><h3 class=\"porto-sicon-title\" style=\"font-size:14px;color:#777777;\"><strong>E-Posta:<\/strong> info@ekchomestay.com<\/h3><\/div> <!-- header --><\/div><!-- porto-sicon-box --><div class=\"porto-separator\"><hr class=\"separator-line  align_center\"><\/div><h4  class=\"vc_custom_heading align-left heading-primary translation-block\">\u00c7al\u0131\u015fma Saatleri<\/h4><div class=\"porto-sicon-box style_1 default-icon\"><div class=\"porto-sicon-header\" ><h3 class=\"porto-sicon-title\" style=\"font-size:14px;color:#777777;\">Herg\u00fcn Sabah 9.00 - Ak\u015fam 19.00<\/h3><\/div> <!-- header --><\/div><!-- porto-sicon-box --><\/div><\/div><\/div><\/div><\/div>","protected":false},"excerpt":{"rendered":"Bu formu bitirebilmek i\u00e7in taray\u0131c\u0131n\u0131zda JavaScript&#039;i etkinle\u015ftirin.Bu formu bitirebilmek i\u00e7in taray\u0131c\u0131n\u0131zda JavaScript&#039;i etkinle\u015ftirin.Your Name &amp; Surname *E-Mail *SubjectYour MessageSubmit Get in touch Welcome to EKC Homestay Corporation. You can reach our company by using the following communication tools. Alternatively, you can send us a quick message by filling out the contact form on the side [...]","protected":false},"author":1,"featured_media":0,"parent":0,"menu_order":0,"comment_status":"closed","ping_status":"closed","template":"","meta":{"footnotes":""},"yoast_head":"<!-- This site is optimized with the Yoast SEO Premium plugin v17.7 (Yoast SEO v20.12) - https:\/\/yoast.com\/wordpress\/plugins\/seo\/ -->\n<title>Contact Us | EKC Homestay Corporation in Toronto<\/title>\n<meta name=\"description\" content=\"You can contact our company by using the following communication tools. Quick contact info: +16476574981 - info@ekchomestay.com\" \/>\n<meta name=\"robots\" content=\"index, follow, max-snippet:-1, max-image-preview:large, max-video-preview:-1\" \/>\n<link rel=\"canonical\" href=\"https:\/\/www.ekchomestay.com\/tr\/contact-us\/\" \/>\n<meta property=\"og:locale\" content=\"tr_TR\" \/>\n<meta property=\"og:type\" content=\"article\" \/>\n<meta property=\"og:title\" content=\"Contact Us\" \/>\n<meta property=\"og:description\" content=\"You can contact our company by using the following communication tools. Quick contact info: +16476574981 - info@ekchomestay.com\" \/>\n<meta property=\"og:url\" content=\"https:\/\/www.ekchomestay.com\/tr\/contact-us\/\" \/>\n<meta property=\"og:site_name\" content=\"EKC Homestay Corporation in Toronto\" \/>\n<meta property=\"article:publisher\" content=\"https:\/\/www.facebook.com\/ekchomestay\" \/>\n<meta property=\"article:modified_time\" content=\"2025-01-02T17:38:45+00:00\" \/>\n<meta name=\"twitter:card\" content=\"summary_large_image\" \/>\n<meta name=\"twitter:site\" content=\"@ekchomestay1\" \/>\n<meta name=\"twitter:label1\" content=\"Tahmini okuma s\u00fcresi\" \/>\n\t<meta name=\"twitter:data1\" content=\"1 dakika\" \/>\n<script type=\"application\/ld+json\" class=\"yoast-schema-graph\">{\"@context\":\"https:\/\/schema.org\",\"@graph\":[{\"@type\":\"WebPage\",\"@id\":\"https:\/\/www.ekchomestay.com\/contact-us\/\",\"url\":\"https:\/\/www.ekchomestay.com\/contact-us\/\",\"name\":\"Contact Us | EKC Homestay Corporation in Toronto\",\"isPartOf\":{\"@id\":\"https:\/\/www.ekchomestay.com\/#website\"},\"datePublished\":\"2016-06-14T06:15:58+00:00\",\"dateModified\":\"2025-01-02T17:38:45+00:00\",\"description\":\"You can contact our company by using the following communication tools. Quick contact info: +16476574981 - info@ekchomestay.com\",\"breadcrumb\":{\"@id\":\"https:\/\/www.ekchomestay.com\/contact-us\/#breadcrumb\"},\"inLanguage\":\"tr\",\"potentialAction\":[{\"@type\":\"ReadAction\",\"target\":[\"https:\/\/www.ekchomestay.com\/contact-us\/\"]}]},{\"@type\":\"BreadcrumbList\",\"@id\":\"https:\/\/www.ekchomestay.com\/contact-us\/#breadcrumb\",\"itemListElement\":[{\"@type\":\"ListItem\",\"position\":1,\"name\":\"Home\",\"item\":\"https:\/\/www.ekchomestay.com\/\"},{\"@type\":\"ListItem\",\"position\":2,\"name\":\"Contact Us\"}]},{\"@type\":\"WebSite\",\"@id\":\"https:\/\/www.ekchomestay.com\/#website\",\"url\":\"https:\/\/www.ekchomestay.com\/\",\"name\":\"EKC Homestay Corporation in Toronto\",\"description\":\"Home as sweet as your home. Homestay services for everyone in Toronto.\",\"publisher\":{\"@id\":\"https:\/\/www.ekchomestay.com\/#organization\"},\"potentialAction\":[{\"@type\":\"SearchAction\",\"target\":{\"@type\":\"EntryPoint\",\"urlTemplate\":\"https:\/\/www.ekchomestay.com\/?s={search_term_string}\"},\"query-input\":\"required name=search_term_string\"}],\"inLanguage\":\"tr\"},{\"@type\":\"Organization\",\"@id\":\"https:\/\/www.ekchomestay.com\/#organization\",\"name\":\"EKC Homestay Corporation\",\"url\":\"https:\/\/www.ekchomestay.com\/\",\"logo\":{\"@type\":\"ImageObject\",\"inLanguage\":\"tr\",\"@id\":\"https:\/\/www.ekchomestay.com\/#\/schema\/logo\/image\/\",\"url\":\"https:\/\/www.ekchomestay.com\/wp-content\/uploads\/2022\/01\/ekc_logo.png\",\"contentUrl\":\"https:\/\/www.ekchomestay.com\/wp-content\/uploads\/2022\/01\/ekc_logo.png\",\"width\":512,\"height\":192,\"caption\":\"EKC Homestay Corporation\"},\"image\":{\"@id\":\"https:\/\/www.ekchomestay.com\/#\/schema\/logo\/image\/\"},\"sameAs\":[\"https:\/\/www.facebook.com\/ekchomestay\",\"https:\/\/twitter.com\/ekchomestay1\",\"https:\/\/www.instagram.com\/ekchomestay\/\",\"https:\/\/www.youtube.com\/channel\/UCsK8YMVM2tgtgbP3zdNW7WA\"]}]}<\/script>\n<!-- \/ Yoast SEO Premium plugin. -->","yoast_head_json":{"title":"Contact Us | EKC Homestay Corporation in Toronto","description":"You can contact our company by using the following communication tools. Quick contact info: +16476574981 - info@ekchomestay.com","robots":{"index":"index","follow":"follow","max-snippet":"max-snippet:-1","max-image-preview":"max-image-preview:large","max-video-preview":"max-video-preview:-1"},"canonical":"https:\/\/www.ekchomestay.com\/tr\/contact-us\/","og_locale":"tr_TR","og_type":"article","og_title":"Contact Us","og_description":"You can contact our company by using the following communication tools. Quick contact info: +16476574981 - info@ekchomestay.com","og_url":"https:\/\/www.ekchomestay.com\/tr\/contact-us\/","og_site_name":"EKC Homestay Corporation in Toronto","article_publisher":"https:\/\/www.facebook.com\/ekchomestay","article_modified_time":"2025-01-02T17:38:45+00:00","twitter_card":"summary_large_image","twitter_site":"@ekchomestay1","twitter_misc":{"Tahmini okuma s\u00fcresi":"1 dakika"},"schema":{"@context":"https:\/\/schema.org","@graph":[{"@type":"WebPage","@id":"https:\/\/www.ekchomestay.com\/contact-us\/","url":"https:\/\/www.ekchomestay.com\/contact-us\/","name":"Contact Us | EKC Homestay Corporation in Toronto","isPartOf":{"@id":"https:\/\/www.ekchomestay.com\/#website"},"datePublished":"2016-06-14T06:15:58+00:00","dateModified":"2025-01-02T17:38:45+00:00","description":"You can contact our company by using the following communication tools. Quick contact info: +16476574981 - info@ekchomestay.com","breadcrumb":{"@id":"https:\/\/www.ekchomestay.com\/contact-us\/#breadcrumb"},"inLanguage":"tr","potentialAction":[{"@type":"ReadAction","target":["https:\/\/www.ekchomestay.com\/contact-us\/"]}]},{"@type":"BreadcrumbList","@id":"https:\/\/www.ekchomestay.com\/contact-us\/#breadcrumb","itemListElement":[{"@type":"ListItem","position":1,"name":"Home","item":"https:\/\/www.ekchomestay.com\/"},{"@type":"ListItem","position":2,"name":"Contact Us"}]},{"@type":"WebSite","@id":"https:\/\/www.ekchomestay.com\/#website","url":"https:\/\/www.ekchomestay.com\/","name":"EKC Homestay Corporation in Toronto","description":"Home as sweet as your home. Homestay services for everyone in Toronto.","publisher":{"@id":"https:\/\/www.ekchomestay.com\/#organization"},"potentialAction":[{"@type":"SearchAction","target":{"@type":"EntryPoint","urlTemplate":"https:\/\/www.ekchomestay.com\/?s={search_term_string}"},"query-input":"required name=search_term_string"}],"inLanguage":"tr"},{"@type":"Organization","@id":"https:\/\/www.ekchomestay.com\/#organization","name":"EKC Homestay Corporation","url":"https:\/\/www.ekchomestay.com\/","logo":{"@type":"ImageObject","inLanguage":"tr","@id":"https:\/\/www.ekchomestay.com\/#\/schema\/logo\/image\/","url":"https:\/\/www.ekchomestay.com\/wp-content\/uploads\/2022\/01\/ekc_logo.png","contentUrl":"https:\/\/www.ekchomestay.com\/wp-content\/uploads\/2022\/01\/ekc_logo.png","width":512,"height":192,"caption":"EKC Homestay Corporation"},"image":{"@id":"https:\/\/www.ekchomestay.com\/#\/schema\/logo\/image\/"},"sameAs":["https:\/\/www.facebook.com\/ekchomestay","https:\/\/twitter.com\/ekchomestay1","https:\/\/www.instagram.com\/ekchomestay\/","https:\/\/www.youtube.com\/channel\/UCsK8YMVM2tgtgbP3zdNW7WA"]}]}},"_links":{"self":[{"href":"https:\/\/www.ekchomestay.com\/tr\/wp-json\/wp\/v2\/pages\/73"}],"collection":[{"href":"https:\/\/www.ekchomestay.com\/tr\/wp-json\/wp\/v2\/pages"}],"about":[{"href":"https:\/\/www.ekchomestay.com\/tr\/wp-json\/wp\/v2\/types\/page"}],"author":[{"embeddable":true,"href":"https:\/\/www.ekchomestay.com\/tr\/wp-json\/wp\/v2\/users\/1"}],"replies":[{"embeddable":true,"href":"https:\/\/www.ekchomestay.com\/tr\/wp-json\/wp\/v2\/comments?post=73"}],"version-history":[{"count":2,"href":"https:\/\/www.ekchomestay.com\/tr\/wp-json\/wp\/v2\/pages\/73\/revisions"}],"predecessor-version":[{"id":1937,"href":"https:\/\/www.ekchomestay.com\/tr\/wp-json\/wp\/v2\/pages\/73\/revisions\/1937"}],"wp:attachment":[{"href":"https:\/\/www.ekchomestay.com\/tr\/wp-json\/wp\/v2\/media?parent=73"}],"curies":[{"name":"wp","href":"https:\/\/api.w.org\/{rel}","templated":true}]}}