{"id":55,"date":"2016-06-13T15:48:45","date_gmt":"2016-06-13T15:48:45","guid":{"rendered":"http:\/\/sw-themes.com\/porto_dummy\/?page_id=55"},"modified":"2023-12-17T23:09:43","modified_gmt":"2023-12-17T20:09:43","slug":"about-us","status":"publish","type":"page","link":"https:\/\/www.ekchomestay.com\/tr\/about-us\/","title":{"rendered":"Hakk\u0131m\u0131zda"},"content":{"rendered":"<div class=\"vc_row wpb_row p-b-lg porto-inner-container\"><div class=\"porto-wrap-container container\"><div class=\"row\"><div class=\"vc_column_container col-md-12\"><div class=\"wpb_wrapper vc_column-inner\">\n\t<div class=\"wpb_single_image wpb_content_element vc_align_left\">\n\t\t<div class=\"wpb_wrapper\">\n\t\t\t\n\t\t\t<div class=\"vc_single_image-wrapper   vc_box_border_grey\"><img loading=\"lazy\" decoding=\"async\" width=\"1200\" height=\"474\" src=\"https:\/\/www.ekchomestay.com\/wp-content\/uploads\/2022\/01\/ekc-home.jpg\" class=\"vc_single_image-img attachment-full\" alt=\"\" srcset=\"https:\/\/www.ekchomestay.com\/wp-content\/uploads\/2022\/01\/ekc-home.jpg 1200w, https:\/\/www.ekchomestay.com\/wp-content\/uploads\/2022\/01\/ekc-home-1024x404.jpg 1024w, https:\/\/www.ekchomestay.com\/wp-content\/uploads\/2022\/01\/ekc-home-768x303.jpg 768w, https:\/\/www.ekchomestay.com\/wp-content\/uploads\/2022\/01\/ekc-home-640x253.jpg 640w, https:\/\/www.ekchomestay.com\/wp-content\/uploads\/2022\/01\/ekc-home-400x158.jpg 400w, https:\/\/www.ekchomestay.com\/wp-content\/uploads\/2022\/01\/ekc-home-367x145.jpg 367w\" sizes=\"(max-width: 1200px) 100vw, 1200px\" \/><\/div>\n\t\t<\/div>\n\t<\/div>\n<h2 class=\"word-rotator slide short m-t-xl translation-block\" style=\"line-height:46px;text-align:center;\" data-plugin-options=\"{'waittime': 2500, 'pauseOnHover': false}\"><span class=\"word-rotate-prefix\">EKC Homestay <\/span> <span class=\"word-rotator-items has-bg\" style=\"font-family: Open Sans;width: 264.703px\"><b class=\"inactive\">ekonomik<\/b><b class=\"active\">komforlu<\/b><b>g\u00fcvenli<\/b><\/span> <span class=\"word-rotate-suffix\">konaklama \u00e7\u00f6z\u00fcmleri sunar<\/span><\/h2>\n\t<div class=\"wpb_text_column wpb_content_element  text-center\" >\n\t\t<div class=\"wpb_wrapper\">\n\t\t\t<p>EKC Home Stay Corporation, 3 y\u0131ll\u0131k ba\u015far\u0131l\u0131 sekt\u00f6r deneyiminin ard\u0131ndan 2019 y\u0131l\u0131n\u0131n Eyl\u00fcl ay\u0131nda  Erdem K\u00f6se taraf\u0131ndan merkez b\u00fcrosu Toronto-Kanada\u2019da kurulmu\u015ftur. Ba\u015fta Ontario olmak \u00fczere British Columbia ve Quebec eyaletlerinde m\u00fc\u015fterilerine aile yan\u0131 ya da ba\u011f\u0131ms\u0131z \u00f6zel konaklama hizmeti veren yeni kurulmu\u015f, gen\u00e7 ve dinamik bir \u015firkettir. Profesyonel ekibi ve bak\u0131\u015f a\u00e7\u0131s\u0131yla k\u0131sa s\u00fcrede sekt\u00f6rde \u00f6nemli bir yere gelmi\u015ftir. Giri\u015fimci ve yenilik\u00e7i bir firma olarak uzun s\u00fcreler faaliyetlerini s\u00fcrd\u00fcrmeyi hedeflemektedir.<\/p>\n\n\t\t<\/div>\n\t<\/div>\n<div class=\"porto-separator taller\"><hr class=\"separator-line  align_center\"><\/div><div class=\"vc_row wpb_row vc_inner row\"><div class=\"vc_column_container col-md-6\"><div class=\"wpb_wrapper vc_column-inner\">\n\t<div class=\"wpb_video_widget wpb_content_element vc_clearfix   vc_video-aspect-ratio-169 vc_video-el-width-100 vc_video-align-left\" >\n\t\t<div class=\"wpb_wrapper\">\n\t\t\t\n\t\t\t<div class=\"wpb_video_wrapper\"><iframe loading=\"lazy\" title=\"EKC Homestay Showreel\" width=\"1140\" height=\"641\" src=\"https:\/\/www.youtube.com\/embed\/5F1RGK3DZUU?feature=oembed\" frameborder=\"0\" allow=\"accelerometer; autoplay; clipboard-write; encrypted-media; gyroscope; picture-in-picture; web-share\" allowfullscreen><\/iframe><\/div>\n\t\t<\/div>\n\t<\/div>\n<div class=\"porto-sicon-box style_1 left-icon\"><div class=\"porto-sicon-left\"><div id=\"porto-icon-3787850569ed18e930b2f\" class=\"porto-just-icon-wrapper\" style=\"text-align:center;\"><div class=\"porto-icon none\" style=\"color:#dd3333;font-size:28px;display:inline-block;\"><i class=\"fas fa-eye\"><\/i><\/div><\/div><\/div><div class=\"porto-sicon-body\"><div class=\"porto-sicon-header\" ><h3 class=\"porto-sicon-title\" style=\"color:#0e0e0e;\">Vizyonumuz<\/h3><\/div> <!-- header --><div class=\"porto-sicon-description\" style=\"\">EKC Home Stay Corporation olarak; m\u00fc\u015fteri memnuniyeti duru\u015fumuzla kaliteden \u00f6d\u00fcn vermeden s\u00fcrd\u00fcr\u00fclebilir bir hizmet sunmaya devam ederek geni\u015f m\u00fc\u015fteri yelpazesine sahip olmak, g\u00fcn\u00fcm\u00fcz ve gelece\u011fin de\u011fi\u015fen ko\u015fullar\u0131n\u0131 ve sekt\u00f6r anlay\u0131\u015f\u0131n\u0131 takip ederek sekt\u00f6r\u00fcn \u00f6nde gelen firmalar\u0131 aras\u0131nda yer almak hedeflerimiz aras\u0131nda yer almaktad\u0131r.<\/p>\n<p>\u201cEvden \u00e7ok uzakta Kanada\u2019da ki ilk adresiniz.\u201d<\/div> <!-- description --><\/div><\/div><!-- porto-sicon-box --><\/div><\/div><div class=\"vc_column_container col-md-6\"><div class=\"wpb_wrapper vc_column-inner\">\n\t<div class=\"wpb_video_widget wpb_content_element vc_clearfix   vc_video-aspect-ratio-169 vc_video-el-width-100 vc_video-align-left\" >\n\t\t<div class=\"wpb_wrapper\">\n\t\t\t\n\t\t\t<div class=\"wpb_video_wrapper\"><iframe loading=\"lazy\" title=\"EKC found me a house in 2 days. This could be a record.\" width=\"1140\" height=\"641\" src=\"https:\/\/www.youtube.com\/embed\/ZV_cXujFdJw?feature=oembed\" frameborder=\"0\" allow=\"accelerometer; autoplay; clipboard-write; encrypted-media; gyroscope; picture-in-picture; web-share\" allowfullscreen><\/iframe><\/div>\n\t\t<\/div>\n\t<\/div>\n<div class=\"porto-sicon-box style_1 left-icon\"><div class=\"porto-sicon-left\"><div id=\"porto-icon-93582610969ed18e931805\" class=\"porto-just-icon-wrapper\" style=\"text-align:center;\"><div class=\"porto-icon none\" style=\"color:#dd3333;font-size:28px;display:inline-block;\"><i class=\"fas fa-tasks\"><\/i><\/div><\/div><\/div><div class=\"porto-sicon-body\"><div class=\"porto-sicon-header\" ><h3 class=\"porto-sicon-title\" style=\"color:#0e0e0e;\">Misyonumuz<\/h3><\/div> <!-- header --><div class=\"porto-sicon-description\" style=\"\">EKC Home Stay Corporation olarak bizler Kanada\u2019da antla\u015fmal\u0131 oldu\u011fumuz ev sahibi ailelerin evlerinde ve \u00f6zel ba\u011f\u0131ms\u0131z evlerimizde \u00f6zel acentelere, uluslararas\u0131 \u00f6\u011frencilere ve turistlere konaklama hizmeti sa\u011fl\u0131yoruz.<\/p>\n<p>\u00d6\u011frencilerimizin ve ev sahibi ailelerin ihtiya\u00e7 ve endi\u015felerini dikkate alarak en k\u0131sa s\u00fcrede m\u00fc\u015fterilerimize m\u00fcmk\u00fcn olan en iyi aile yan\u0131nda ve ba\u011f\u0131ms\u0131z evlerde konaklama hizmeti sunmak ana hedefimizdir.<\/div> <!-- description --><\/div><\/div><!-- porto-sicon-box --><\/div><\/div><\/div><\/div><\/div><div class=\"vc_column_container col-md-12\"><div class=\"wpb_wrapper vc_column-inner\"><\/div><\/div><\/div><\/div><\/div><div data-vc-full-width=\"true\" data-vc-full-width-init=\"false\" class=\"vc_row wpb_row p-b-xl section section-primary mt-0 mb-0 porto-inner-container\"><div class=\"porto-wrap-container container\"><div class=\"row\"><div class=\"vc_column_container col-md-12\"><div class=\"wpb_wrapper vc_column-inner\">\n\t<div class=\"wpb_text_column wpb_content_element\" >\n\t\t<div class=\"wpb_wrapper\">\n\t\t\t<p style=\"text-align: center;\"><em><span style=\"font-size: 18px;\">Misyonumuz, m\u00fc\u015fterilerimize rahat ve g\u00fcvenli ortam ko\u015fullar\u0131n\u0131 haz\u0131rlayarak,k\u00fclt\u00fcrel de\u011ferlere sayg\u0131 duyarak, profesyonel ve etik davranarak, iyi ili\u015fkiler kurarak , hizmetlerimizi her zaman h\u0131zl\u0131 ve etkin bir \u015fekilde yerine getirerek onlar\u0131 odalar\u0131m\u0131zda a\u011f\u0131rlamakt\u0131r.<\/span><\/em><\/p>\n<p style=\"text-align: center;\"><strong><span style=\"font-size: 24px;\"><em>\u201cHome as sweet as your home\u201d<\/em><\/span><\/strong><\/p>\n\n\t\t<\/div>\n\t<\/div>\n<\/div><\/div><\/div><\/div><\/div><div class=\"vc_row-full-width vc_clearfix\"><\/div><div data-vc-full-width=\"true\" data-vc-full-width-init=\"false\" data-video-path=\"https:\/\/www.ekchomestay.com\/wp-content\/uploads\/2022\/01\/airport\" data-plugin-video-background data-plugin-options=\"{'posterType': 'jpg', 'position': '50% 50%', 'overlay': true}\" data-vc-parallax-image=\"\" class=\"vc_row wpb_row video-cover p-t-xlg p-b-md vc_custom_1642680267389 vc_row-has-fill vc_video-bg-container section-video porto-inner-container\"><div class=\"porto-wrap-container container\"><div class=\"row align-items-center\"><div class=\"vc_column_container col-md-6\"><div class=\"wpb_wrapper vc_column-inner\"><div class=\"porto-carousel owl-carousel has-ccols ccols-1 nav-style-1\" data-plugin-options=\"{&quot;stagePadding&quot;:0,&quot;margin&quot;:10,&quot;autoplay&quot;:&quot;yes&quot;,&quot;autoplayTimeout&quot;:6000,&quot;autoplayHoverPause&quot;:false,&quot;items&quot;:1,&quot;lg&quot;:1,&quot;md&quot;:1,&quot;sm&quot;:1,&quot;xs&quot;:1,&quot;nav&quot;:&quot;yes&quot;,&quot;dots&quot;:false,&quot;animateIn&quot;:&quot;&quot;,&quot;animateOut&quot;:&quot;&quot;,&quot;loop&quot;:&quot;yes&quot;,&quot;center&quot;:&quot;yes&quot;,&quot;video&quot;:false,&quot;lazyLoad&quot;:false,&quot;fullscreen&quot;:false}\"><div class=\"porto-testimonial wpb_content_element\"><div class=\"testimonial testimonial-style-6 testimonial-with-quotes testimonial-light\"><blockquote><p>Toronto'da kald\u0131m ve deneyimim harikayd\u0131! Hizmetlerinden ve evlerinden memnun kald\u0131m. Herkese teredd\u00fcts\u00fcz tavsiye edebilirim. Toronto'da hem k\u0131sa hem de uzun d\u00f6nem kalacak bir konaklama yeri ar\u0131yorsan\u0131z, EKC Homestay sizin i\u00e7in en iyi se\u00e7im olacakt\u0131r :)) Konaklamamda ve her \u015feyde bana yard\u0131mc\u0131 oldu\u011fu i\u00e7in EKC'ye te\u015fekk\u00fcr ederim! \ud83d\ude42<\/p><\/blockquote><div class=\"testimonial-author\"><p><strong>Dilara \u00d6m\u00fcr<\/strong><span>Student - Okler<\/span><\/p><\/div><\/div><\/div><div class=\"porto-testimonial wpb_content_element\"><div class=\"testimonial testimonial-style-6 testimonial-with-quotes testimonial-light\"><blockquote><p>Kanada'ya gelmeden \u00f6nce bir oda ayarlad\u0131lar ve Erdem m\u00fckemmel bir adam, benimle \u00e7ok iyi ilgilendi. te\u015fekk\u00fcrler<\/p><\/blockquote><div class=\"testimonial-author\"><p><strong>Seda T\u00fcrkan<\/strong><span>Student - Okler<\/span><\/p><\/div><\/div><\/div><div class=\"porto-testimonial wpb_content_element\"><div class=\"testimonial testimonial-style-6 testimonial-with-quotes testimonial-light\"><blockquote><p>Toronto'ya 2. ziyaretimde EKC ailesi yan\u0131nda bir oda kiralad\u0131m. Ve t\u00fcm ihtiya\u00e7lar\u0131m\u0131n kar\u015f\u0131land\u0131\u011f\u0131, sevimli bir aile ile s\u0131cac\u0131k bir evde ya\u015f\u0131yorum. Jema (ev sahibim) ger\u00e7ek bir abla \ud83d\ude42<\/p><\/blockquote><div class=\"testimonial-author\"><p><strong>Ari Akay<\/strong><span>Okler<\/span><\/p><\/div><\/div><\/div><\/div><\/div><\/div><div class=\"vc_column_container col-md-6\"><div class=\"wpb_wrapper vc_column-inner\">\n\t<div class=\"wpb_single_image wpb_content_element vc_align_center\">\n\t\t<div class=\"wpb_wrapper\">\n\t\t\t\n\t\t\t<div class=\"vc_single_image-wrapper   vc_box_border_grey\"><img loading=\"lazy\" decoding=\"async\" width=\"326\" height=\"275\" src=\"https:\/\/www.ekchomestay.com\/wp-content\/uploads\/2022\/01\/test.png\" class=\"vc_single_image-img attachment-full\" alt=\"\" \/><\/div>\n\t\t<\/div>\n\t<\/div>\n<\/div><\/div><\/div><\/div><\/div><div class=\"vc_row-full-width vc_clearfix\"><\/div><div class=\"vc_row wpb_row p-t-xxl porto-inner-container\"><div class=\"porto-wrap-container container\"><div class=\"row\"><div class=\"vc_column_container col-md-12\"><div class=\"wpb_wrapper vc_column-inner\"><div class=\"vc_row wpb_row vc_inner row\"><div class=\"vc_column_container col-md-8\"><div class=\"wpb_wrapper vc_column-inner\"><h2  class=\"vc_custom_heading align-left translation-block\">De\u011ferlerimiz<\/h2>\n\t<div class=\"wpb_text_column wpb_content_element\" >\n\t\t<div class=\"wpb_wrapper\">\n\t\t\t<ul>\n<li>K\u00fclt\u00fcrel \u00c7e\u015fitlilik:  K\u00fclt\u00fcrel farkl\u0131l\u0131\u011fa sayg\u0131 duyuyor ve de\u011ferini \u00f6nemsiyoruz.<\/li>\n<li>\u0130yi \u0130li\u015fkiler:  M\u00fc\u015fterilerimiz, \u00e7al\u0131\u015fanlar\u0131m\u0131z, i\u015f ortaklar\u0131m\u0131z ve ev sahibi aileler ile kurdu\u011fumuz ba\u011fa de\u011fer veriyoruz.<\/li>\n<li>\u00d6nemsemek:  Ne gerekiyorsa yapmaya haz\u0131r\u0131z.<\/li>\n<li>Konukseverlik:  Konukseverli\u011fimizi, m\u00fc\u015fterilerimizin Kanada ya\u015fam ruhunu tecr\u00fcbe ederken yanlar\u0131nda bulunarak icra ediyoruz.<\/li>\n<li>Eri\u015febilirlik:  Her an, her yerde temas halinde olmay\u0131 \u00f6nemsiyoruz.<\/li>\n<li>Kalite:  Bizimle birlikte oldu\u011funuz s\u00fcrece kaliteli bir deneyim sizi bekliyor olacakt\u0131r.  Bu y\u00fczden geri d\u00f6n\u00fc\u015flerinizi \u00f6nemsiyoruz.<\/li>\n<\/ul>\n\n\t\t<\/div>\n\t<\/div>\n<\/div><\/div><div class=\"vc_column_container col-md-4\"><div class=\"wpb_wrapper vc_column-inner\">\n\t<div class=\"wpb_single_image wpb_content_element vc_align_left\">\n\t\t<div class=\"wpb_wrapper\">\n\t\t\t\n\t\t\t<div class=\"vc_single_image-wrapper   vc_box_border_grey\"><img loading=\"lazy\" decoding=\"async\" width=\"512\" height=\"192\" src=\"https:\/\/www.ekchomestay.com\/wp-content\/uploads\/2022\/01\/ekc_logo.png\" class=\"vc_single_image-img attachment-full\" alt=\"\" srcset=\"https:\/\/www.ekchomestay.com\/wp-content\/uploads\/2022\/01\/ekc_logo.png 512w, https:\/\/www.ekchomestay.com\/wp-content\/uploads\/2022\/01\/ekc_logo-400x150.png 400w, https:\/\/www.ekchomestay.com\/wp-content\/uploads\/2022\/01\/ekc_logo-367x138.png 367w\" sizes=\"(max-width: 512px) 100vw, 512px\" \/><\/div>\n\t\t<\/div>\n\t<\/div>\n<\/div><\/div><\/div><div class=\"porto-separator tall\"><hr class=\"separator-line  align_center\"><\/div><\/div><\/div><\/div><\/div><\/div>","protected":false},"excerpt":{"rendered":"We offer economicalcomfortablesafe solutions for accommodation EKC Home Stay Corporation was founded by Erdem K\u00f6se in September 2017 in Toronto, Canada after 6 years of successful industry experience. It is a newly established, young and dynamic company that provides homestay or independent private accommodation to its clients, primarily in Ontario, British Columbia and Quebec. With [...]","protected":false},"author":1,"featured_media":0,"parent":0,"menu_order":0,"comment_status":"closed","ping_status":"closed","template":"","meta":{"footnotes":""},"yoast_head":"<!-- This site is optimized with the Yoast SEO Premium plugin v17.7 (Yoast SEO v20.12) - https:\/\/yoast.com\/wordpress\/plugins\/seo\/ -->\n<title>About Us | EKC Homestay Corporation in Toronto<\/title>\n<meta name=\"description\" content=\"Need a homestay in Toronto. You&#039;re on the right way. EKC Homestay: Your first destination far away from home in Canada. More about us here.\" \/>\n<meta name=\"robots\" content=\"index, follow, max-snippet:-1, max-image-preview:large, max-video-preview:-1\" \/>\n<link rel=\"canonical\" href=\"https:\/\/www.ekchomestay.com\/tr\/about-us\/\" \/>\n<meta property=\"og:locale\" content=\"tr_TR\" \/>\n<meta property=\"og:type\" content=\"article\" \/>\n<meta property=\"og:title\" content=\"About Us\" \/>\n<meta property=\"og:description\" content=\"Need a homestay in Toronto. You&#039;re on the right way. EKC Homestay: Your first destination far away from home in Canada. More about us here.\" \/>\n<meta property=\"og:url\" content=\"https:\/\/www.ekchomestay.com\/tr\/about-us\/\" \/>\n<meta property=\"og:site_name\" content=\"EKC Homestay Corporation in Toronto\" \/>\n<meta property=\"article:publisher\" content=\"https:\/\/www.facebook.com\/ekchomestay\" \/>\n<meta property=\"article:modified_time\" content=\"2023-12-17T20:09:43+00:00\" \/>\n<meta name=\"twitter:card\" content=\"summary_large_image\" \/>\n<meta name=\"twitter:site\" content=\"@ekchomestay1\" \/>\n<meta name=\"twitter:label1\" content=\"Tahmini okuma s\u00fcresi\" \/>\n\t<meta name=\"twitter:data1\" content=\"5 dakika\" \/>\n<script type=\"application\/ld+json\" class=\"yoast-schema-graph\">{\"@context\":\"https:\/\/schema.org\",\"@graph\":[{\"@type\":\"WebPage\",\"@id\":\"https:\/\/www.ekchomestay.com\/about-us\/\",\"url\":\"https:\/\/www.ekchomestay.com\/about-us\/\",\"name\":\"About Us | EKC Homestay Corporation in Toronto\",\"isPartOf\":{\"@id\":\"https:\/\/www.ekchomestay.com\/#website\"},\"datePublished\":\"2016-06-13T15:48:45+00:00\",\"dateModified\":\"2023-12-17T20:09:43+00:00\",\"description\":\"Need a homestay in Toronto. You're on the right way. EKC Homestay: Your first destination far away from home in Canada. More about us here.\",\"breadcrumb\":{\"@id\":\"https:\/\/www.ekchomestay.com\/about-us\/#breadcrumb\"},\"inLanguage\":\"tr\",\"potentialAction\":[{\"@type\":\"ReadAction\",\"target\":[\"https:\/\/www.ekchomestay.com\/about-us\/\"]}]},{\"@type\":\"BreadcrumbList\",\"@id\":\"https:\/\/www.ekchomestay.com\/about-us\/#breadcrumb\",\"itemListElement\":[{\"@type\":\"ListItem\",\"position\":1,\"name\":\"Home\",\"item\":\"https:\/\/www.ekchomestay.com\/\"},{\"@type\":\"ListItem\",\"position\":2,\"name\":\"About Us\"}]},{\"@type\":\"WebSite\",\"@id\":\"https:\/\/www.ekchomestay.com\/#website\",\"url\":\"https:\/\/www.ekchomestay.com\/\",\"name\":\"EKC Homestay Corporation in Toronto\",\"description\":\"Home as sweet as your home. Homestay services for everyone in Toronto.\",\"publisher\":{\"@id\":\"https:\/\/www.ekchomestay.com\/#organization\"},\"potentialAction\":[{\"@type\":\"SearchAction\",\"target\":{\"@type\":\"EntryPoint\",\"urlTemplate\":\"https:\/\/www.ekchomestay.com\/?s={search_term_string}\"},\"query-input\":\"required name=search_term_string\"}],\"inLanguage\":\"tr\"},{\"@type\":\"Organization\",\"@id\":\"https:\/\/www.ekchomestay.com\/#organization\",\"name\":\"EKC Homestay Corporation\",\"url\":\"https:\/\/www.ekchomestay.com\/\",\"logo\":{\"@type\":\"ImageObject\",\"inLanguage\":\"tr\",\"@id\":\"https:\/\/www.ekchomestay.com\/#\/schema\/logo\/image\/\",\"url\":\"https:\/\/www.ekchomestay.com\/wp-content\/uploads\/2022\/01\/ekc_logo.png\",\"contentUrl\":\"https:\/\/www.ekchomestay.com\/wp-content\/uploads\/2022\/01\/ekc_logo.png\",\"width\":512,\"height\":192,\"caption\":\"EKC Homestay Corporation\"},\"image\":{\"@id\":\"https:\/\/www.ekchomestay.com\/#\/schema\/logo\/image\/\"},\"sameAs\":[\"https:\/\/www.facebook.com\/ekchomestay\",\"https:\/\/twitter.com\/ekchomestay1\",\"https:\/\/www.instagram.com\/ekchomestay\/\",\"https:\/\/www.youtube.com\/channel\/UCsK8YMVM2tgtgbP3zdNW7WA\"]}]}<\/script>\n<!-- \/ Yoast SEO Premium plugin. -->","yoast_head_json":{"title":"About Us | EKC Homestay Corporation in Toronto","description":"Need a homestay in Toronto. You're on the right way. EKC Homestay: Your first destination far away from home in Canada. More about us here.","robots":{"index":"index","follow":"follow","max-snippet":"max-snippet:-1","max-image-preview":"max-image-preview:large","max-video-preview":"max-video-preview:-1"},"canonical":"https:\/\/www.ekchomestay.com\/tr\/about-us\/","og_locale":"tr_TR","og_type":"article","og_title":"About Us","og_description":"Need a homestay in Toronto. You're on the right way. EKC Homestay: Your first destination far away from home in Canada. More about us here.","og_url":"https:\/\/www.ekchomestay.com\/tr\/about-us\/","og_site_name":"EKC Homestay Corporation in Toronto","article_publisher":"https:\/\/www.facebook.com\/ekchomestay","article_modified_time":"2023-12-17T20:09:43+00:00","twitter_card":"summary_large_image","twitter_site":"@ekchomestay1","twitter_misc":{"Tahmini okuma s\u00fcresi":"5 dakika"},"schema":{"@context":"https:\/\/schema.org","@graph":[{"@type":"WebPage","@id":"https:\/\/www.ekchomestay.com\/about-us\/","url":"https:\/\/www.ekchomestay.com\/about-us\/","name":"About Us | EKC Homestay Corporation in Toronto","isPartOf":{"@id":"https:\/\/www.ekchomestay.com\/#website"},"datePublished":"2016-06-13T15:48:45+00:00","dateModified":"2023-12-17T20:09:43+00:00","description":"Need a homestay in Toronto. You're on the right way. EKC Homestay: Your first destination far away from home in Canada. More about us here.","breadcrumb":{"@id":"https:\/\/www.ekchomestay.com\/about-us\/#breadcrumb"},"inLanguage":"tr","potentialAction":[{"@type":"ReadAction","target":["https:\/\/www.ekchomestay.com\/about-us\/"]}]},{"@type":"BreadcrumbList","@id":"https:\/\/www.ekchomestay.com\/about-us\/#breadcrumb","itemListElement":[{"@type":"ListItem","position":1,"name":"Home","item":"https:\/\/www.ekchomestay.com\/"},{"@type":"ListItem","position":2,"name":"About Us"}]},{"@type":"WebSite","@id":"https:\/\/www.ekchomestay.com\/#website","url":"https:\/\/www.ekchomestay.com\/","name":"EKC Homestay Corporation in Toronto","description":"Home as sweet as your home. Homestay services for everyone in Toronto.","publisher":{"@id":"https:\/\/www.ekchomestay.com\/#organization"},"potentialAction":[{"@type":"SearchAction","target":{"@type":"EntryPoint","urlTemplate":"https:\/\/www.ekchomestay.com\/?s={search_term_string}"},"query-input":"required name=search_term_string"}],"inLanguage":"tr"},{"@type":"Organization","@id":"https:\/\/www.ekchomestay.com\/#organization","name":"EKC Homestay Corporation","url":"https:\/\/www.ekchomestay.com\/","logo":{"@type":"ImageObject","inLanguage":"tr","@id":"https:\/\/www.ekchomestay.com\/#\/schema\/logo\/image\/","url":"https:\/\/www.ekchomestay.com\/wp-content\/uploads\/2022\/01\/ekc_logo.png","contentUrl":"https:\/\/www.ekchomestay.com\/wp-content\/uploads\/2022\/01\/ekc_logo.png","width":512,"height":192,"caption":"EKC Homestay Corporation"},"image":{"@id":"https:\/\/www.ekchomestay.com\/#\/schema\/logo\/image\/"},"sameAs":["https:\/\/www.facebook.com\/ekchomestay","https:\/\/twitter.com\/ekchomestay1","https:\/\/www.instagram.com\/ekchomestay\/","https:\/\/www.youtube.com\/channel\/UCsK8YMVM2tgtgbP3zdNW7WA"]}]}},"_links":{"self":[{"href":"https:\/\/www.ekchomestay.com\/tr\/wp-json\/wp\/v2\/pages\/55"}],"collection":[{"href":"https:\/\/www.ekchomestay.com\/tr\/wp-json\/wp\/v2\/pages"}],"about":[{"href":"https:\/\/www.ekchomestay.com\/tr\/wp-json\/wp\/v2\/types\/page"}],"author":[{"embeddable":true,"href":"https:\/\/www.ekchomestay.com\/tr\/wp-json\/wp\/v2\/users\/1"}],"replies":[{"embeddable":true,"href":"https:\/\/www.ekchomestay.com\/tr\/wp-json\/wp\/v2\/comments?post=55"}],"version-history":[{"count":0,"href":"https:\/\/www.ekchomestay.com\/tr\/wp-json\/wp\/v2\/pages\/55\/revisions"}],"wp:attachment":[{"href":"https:\/\/www.ekchomestay.com\/tr\/wp-json\/wp\/v2\/media?parent=55"}],"curies":[{"name":"wp","href":"https:\/\/api.w.org\/{rel}","templated":true}]}}